{"id":9265,"date":"2024-02-21T11:52:47","date_gmt":"2024-02-21T08:52:47","guid":{"rendered":"https:\/\/pro.celebilegal.com\/tax-law\/"},"modified":"2024-02-27T07:59:21","modified_gmt":"2024-02-27T07:59:21","slug":"tax-law","status":"publish","type":"page","link":"https:\/\/www.celebilegal.com\/ru\/tax-law\/","title":{"rendered":"\u041d\u0430\u043b\u043e\u0433\u043e\u0432\u043e\u0435 \u043f\u0440\u0430\u0432\u043e"},"content":{"rendered":"\t\t<div data-elementor-type=\"wp-page\" data-elementor-id=\"9265\" class=\"elementor elementor-9265\" data-elementor-post-type=\"page\">\n\t\t\t\t<div class=\"elementor-element elementor-element-a407de8 e-flex e-con-boxed e-con e-parent\" data-id=\"a407de8\" data-element_type=\"container\" data-e-type=\"container\">\n\t\t\t\t\t<div class=\"e-con-inner\">\n\t\t\t\t<div class=\"elementor-element elementor-element-bfe1f82 elementor-grid-3 elementor-grid-tablet-2 elementor-grid-mobile-1 elementor-widget elementor-widget-loop-grid\" data-id=\"bfe1f82\" data-element_type=\"widget\" data-e-type=\"widget\" data-settings=\"{&quot;template_id&quot;:&quot;7273&quot;,&quot;_skin&quot;:&quot;post&quot;,&quot;columns&quot;:&quot;3&quot;,&quot;columns_tablet&quot;:&quot;2&quot;,&quot;columns_mobile&quot;:&quot;1&quot;,&quot;edit_handle_selector&quot;:&quot;[data-elementor-type=\\&quot;loop-item\\&quot;]&quot;,&quot;row_gap&quot;:{&quot;unit&quot;:&quot;px&quot;,&quot;size&quot;:&quot;&quot;,&quot;sizes&quot;:[]},&quot;row_gap_tablet&quot;:{&quot;unit&quot;:&quot;px&quot;,&quot;size&quot;:&quot;&quot;,&quot;sizes&quot;:[]},&quot;row_gap_mobile&quot;:{&quot;unit&quot;:&quot;px&quot;,&quot;size&quot;:&quot;&quot;,&quot;sizes&quot;:[]}}\" data-widget_type=\"loop-grid.post\">\n\t\t\t\t<div class=\"elementor-widget-container\">\n\t\t\t\t\t\t\t<div class=\"e-loop-nothing-found-message\">\n\t\t<\/div>\n\t\t\t\t\t\t<\/div>\n\t\t\t\t<\/div>\n\t\t\t\t\t<\/div>\n\t\t\t\t<\/div>\n\t\t\t\t<\/div>\n\t\t","protected":false},"excerpt":{"rendered":"","protected":false},"author":2,"featured_media":11072,"parent":0,"menu_order":0,"comment_status":"closed","ping_status":"closed","template":"","meta":{"site-sidebar-layout":"no-sidebar","site-content-layout":"page-builder","ast-site-content-layout":"full-width-container","site-content-style":"default","site-sidebar-style":"default","ast-global-header-display":"","ast-banner-title-visibility":"","ast-main-header-display":"","ast-hfb-above-header-display":"","ast-hfb-below-header-display":"","ast-hfb-mobile-header-display":"","site-post-title":"","ast-breadcrumbs-content":"","ast-featured-img":"disabled","footer-sml-layout":"","ast-disable-related-posts":"","theme-transparent-header-meta":"","adv-header-id-meta":"","stick-header-meta":"","header-above-stick-meta":"","header-main-stick-meta":"","header-below-stick-meta":"","astra-migrate-meta-layouts":"set","ast-page-background-enabled":"default","ast-page-background-meta":{"desktop":{"background-color":"","background-image":"","background-repeat":"repeat","background-position":"center center","background-size":"auto","background-attachment":"scroll","background-type":"","background-media":"","overlay-type":"","overlay-color":"","overlay-opacity":"","overlay-gradient":""},"tablet":{"background-color":"","background-image":"","background-repeat":"repeat","background-position":"center center","background-size":"auto","background-attachment":"scroll","background-type":"","background-media":"","overlay-type":"","overlay-color":"","overlay-opacity":"","overlay-gradient":""},"mobile":{"background-color":"","background-image":"","background-repeat":"repeat","background-position":"center center","background-size":"auto","background-attachment":"scroll","background-type":"","background-media":"","overlay-type":"","overlay-color":"","overlay-opacity":"","overlay-gradient":""}},"ast-content-background-meta":{"desktop":{"background-color":"var(--ast-global-color-5)","background-image":"","background-repeat":"repeat","background-position":"center center","background-size":"auto","background-attachment":"scroll","background-type":"","background-media":"","overlay-type":"","overlay-color":"","overlay-opacity":"","overlay-gradient":""},"tablet":{"background-color":"var(--ast-global-color-5)","background-image":"","background-repeat":"repeat","background-position":"center center","background-size":"auto","background-attachment":"scroll","background-type":"","background-media":"","overlay-type":"","overlay-color":"","overlay-opacity":"","overlay-gradient":""},"mobile":{"background-color":"var(--ast-global-color-5)","background-image":"","background-repeat":"repeat","background-position":"center center","background-size":"auto","background-attachment":"scroll","background-type":"","background-media":"","overlay-type":"","overlay-color":"","overlay-opacity":"","overlay-gradient":""}},"footnotes":""},"class_list":["post-9265","page","type-page","status-publish","has-post-thumbnail","hentry"],"yoast_head":"<!-- This site is optimized with the Yoast SEO plugin v27.4 - https:\/\/yoast.com\/product\/yoast-seo-wordpress\/ -->\n<title>\u041d\u0430\u043b\u043e\u0433\u043e\u0432\u043e\u0435 \u043f\u0440\u0430\u0432\u043e - Antalya Law Firm | English-Speaking Lawyer in Antalya<\/title>\n<meta name=\"description\" content=\"\u041d\u0430\u043b\u043e\u0433\u043e\u0432\u043e\u0435 \u043f\u0440\u0430\u0432\u043e\" \/>\n<meta name=\"robots\" content=\"index, follow, max-snippet:-1, max-image-preview:large, max-video-preview:-1\" \/>\n<link rel=\"canonical\" href=\"https:\/\/www.celebilegal.com\/ru\/tax-law\/\" \/>\n<script type=\"application\/ld+json\" class=\"yoast-schema-graph\">{\"@context\":\"https:\\\/\\\/schema.org\",\"@graph\":[{\"@type\":\"WebPage\",\"@id\":\"https:\\\/\\\/www.celebilegal.com\\\/ru\\\/tax-law\\\/\",\"url\":\"https:\\\/\\\/www.celebilegal.com\\\/ru\\\/tax-law\\\/\",\"name\":\"\u041d\u0430\u043b\u043e\u0433\u043e\u0432\u043e\u0435 \u043f\u0440\u0430\u0432\u043e - Antalya Law Firm | English-Speaking Lawyer in Antalya\",\"isPartOf\":{\"@id\":\"https:\\\/\\\/www.celebilegal.com\\\/ru\\\/#website\"},\"primaryImageOfPage\":{\"@id\":\"https:\\\/\\\/www.celebilegal.com\\\/ru\\\/tax-law\\\/#primaryimage\"},\"image\":{\"@id\":\"https:\\\/\\\/www.celebilegal.com\\\/ru\\\/tax-law\\\/#primaryimage\"},\"thumbnailUrl\":\"https:\\\/\\\/www.celebilegal.com\\\/wp-content\\\/uploads\\\/2024\\\/02\\\/Preventing-Double-Taxation-In-Turkey.jpg\",\"datePublished\":\"2024-02-21T08:52:47+00:00\",\"dateModified\":\"2024-02-27T07:59:21+00:00\",\"description\":\"\u041d\u0430\u043b\u043e\u0433\u043e\u0432\u043e\u0435 \u043f\u0440\u0430\u0432\u043e\",\"breadcrumb\":{\"@id\":\"https:\\\/\\\/www.celebilegal.com\\\/ru\\\/tax-law\\\/#breadcrumb\"},\"inLanguage\":\"ru-RU\",\"potentialAction\":[{\"@type\":\"ReadAction\",\"target\":[\"https:\\\/\\\/www.celebilegal.com\\\/ru\\\/tax-law\\\/\"]}]},{\"@type\":\"ImageObject\",\"inLanguage\":\"ru-RU\",\"@id\":\"https:\\\/\\\/www.celebilegal.com\\\/ru\\\/tax-law\\\/#primaryimage\",\"url\":\"https:\\\/\\\/www.celebilegal.com\\\/wp-content\\\/uploads\\\/2024\\\/02\\\/Preventing-Double-Taxation-In-Turkey.jpg\",\"contentUrl\":\"https:\\\/\\\/www.celebilegal.com\\\/wp-content\\\/uploads\\\/2024\\\/02\\\/Preventing-Double-Taxation-In-Turkey.jpg\",\"width\":1000,\"height\":667,\"caption\":\"\u041f\u0440\u0435\u0434\u043e\u0442\u0432\u0440\u0430\u0449\u0435\u043d\u0438\u0435 \u0434\u0432\u043e\u0439\u043d\u043e\u0433\u043e \u043d\u0430\u043b\u043e\u0433\u043e\u043e\u0431\u043b\u043e\u0436\u0435\u043d\u0438\u044f \u0432 \u0422\u0443\u0440\u0446\u0438\u0438\"},{\"@type\":\"BreadcrumbList\",\"@id\":\"https:\\\/\\\/www.celebilegal.com\\\/ru\\\/tax-law\\\/#breadcrumb\",\"itemListElement\":[{\"@type\":\"ListItem\",\"position\":1,\"name\":\"Home\",\"item\":\"https:\\\/\\\/www.celebilegal.com\\\/ru\\\/\"},{\"@type\":\"ListItem\",\"position\":2,\"name\":\"\u041d\u0430\u043b\u043e\u0433\u043e\u0432\u043e\u0435 \u043f\u0440\u0430\u0432\u043e\"}]},{\"@type\":\"WebSite\",\"@id\":\"https:\\\/\\\/www.celebilegal.com\\\/ru\\\/#website\",\"url\":\"https:\\\/\\\/www.celebilegal.com\\\/ru\\\/\",\"name\":\"Antalya Law Firm | English-Speaking Lawyer & Antalya Attorney\",\"description\":\"English-Speaking Lawyer &amp; Antalya Attorney\",\"publisher\":{\"@id\":\"https:\\\/\\\/www.celebilegal.com\\\/ru\\\/#organization\"},\"potentialAction\":[{\"@type\":\"SearchAction\",\"target\":{\"@type\":\"EntryPoint\",\"urlTemplate\":\"https:\\\/\\\/www.celebilegal.com\\\/ru\\\/?s={search_term_string}\"},\"query-input\":{\"@type\":\"PropertyValueSpecification\",\"valueRequired\":true,\"valueName\":\"search_term_string\"}}],\"inLanguage\":\"ru-RU\"},{\"@type\":\"Organization\",\"@id\":\"https:\\\/\\\/www.celebilegal.com\\\/ru\\\/#organization\",\"name\":\"Antalya Lawyer Bar\u0131\u015f Erkan \u00c7elebi\",\"url\":\"https:\\\/\\\/www.celebilegal.com\\\/ru\\\/\",\"logo\":{\"@type\":\"ImageObject\",\"inLanguage\":\"ru-RU\",\"@id\":\"https:\\\/\\\/www.celebilegal.com\\\/ru\\\/#\\\/schema\\\/logo\\\/image\\\/\",\"url\":\"https:\\\/\\\/www.celebilegal.com\\\/wp-content\\\/uploads\\\/2024\\\/02\\\/celebilegal-logo-d.svg\",\"contentUrl\":\"https:\\\/\\\/www.celebilegal.com\\\/wp-content\\\/uploads\\\/2024\\\/02\\\/celebilegal-logo-d.svg\",\"width\":584,\"height\":285,\"caption\":\"Antalya Lawyer Bar\u0131\u015f Erkan \u00c7elebi\"},\"image\":{\"@id\":\"https:\\\/\\\/www.celebilegal.com\\\/ru\\\/#\\\/schema\\\/logo\\\/image\\\/\"}}]}<\/script>\n<!-- \/ Yoast SEO plugin. -->","yoast_head_json":{"title":"\u041d\u0430\u043b\u043e\u0433\u043e\u0432\u043e\u0435 \u043f\u0440\u0430\u0432\u043e - Antalya Law Firm | English-Speaking Lawyer in Antalya","description":"\u041d\u0430\u043b\u043e\u0433\u043e\u0432\u043e\u0435 \u043f\u0440\u0430\u0432\u043e","robots":{"index":"index","follow":"follow","max-snippet":"max-snippet:-1","max-image-preview":"max-image-preview:large","max-video-preview":"max-video-preview:-1"},"canonical":"https:\/\/www.celebilegal.com\/ru\/tax-law\/","schema":{"@context":"https:\/\/schema.org","@graph":[{"@type":"WebPage","@id":"https:\/\/www.celebilegal.com\/ru\/tax-law\/","url":"https:\/\/www.celebilegal.com\/ru\/tax-law\/","name":"\u041d\u0430\u043b\u043e\u0433\u043e\u0432\u043e\u0435 \u043f\u0440\u0430\u0432\u043e - Antalya Law Firm | English-Speaking Lawyer in Antalya","isPartOf":{"@id":"https:\/\/www.celebilegal.com\/ru\/#website"},"primaryImageOfPage":{"@id":"https:\/\/www.celebilegal.com\/ru\/tax-law\/#primaryimage"},"image":{"@id":"https:\/\/www.celebilegal.com\/ru\/tax-law\/#primaryimage"},"thumbnailUrl":"https:\/\/www.celebilegal.com\/wp-content\/uploads\/2024\/02\/Preventing-Double-Taxation-In-Turkey.jpg","datePublished":"2024-02-21T08:52:47+00:00","dateModified":"2024-02-27T07:59:21+00:00","description":"\u041d\u0430\u043b\u043e\u0433\u043e\u0432\u043e\u0435 \u043f\u0440\u0430\u0432\u043e","breadcrumb":{"@id":"https:\/\/www.celebilegal.com\/ru\/tax-law\/#breadcrumb"},"inLanguage":"ru-RU","potentialAction":[{"@type":"ReadAction","target":["https:\/\/www.celebilegal.com\/ru\/tax-law\/"]}]},{"@type":"ImageObject","inLanguage":"ru-RU","@id":"https:\/\/www.celebilegal.com\/ru\/tax-law\/#primaryimage","url":"https:\/\/www.celebilegal.com\/wp-content\/uploads\/2024\/02\/Preventing-Double-Taxation-In-Turkey.jpg","contentUrl":"https:\/\/www.celebilegal.com\/wp-content\/uploads\/2024\/02\/Preventing-Double-Taxation-In-Turkey.jpg","width":1000,"height":667,"caption":"\u041f\u0440\u0435\u0434\u043e\u0442\u0432\u0440\u0430\u0449\u0435\u043d\u0438\u0435 \u0434\u0432\u043e\u0439\u043d\u043e\u0433\u043e \u043d\u0430\u043b\u043e\u0433\u043e\u043e\u0431\u043b\u043e\u0436\u0435\u043d\u0438\u044f \u0432 \u0422\u0443\u0440\u0446\u0438\u0438"},{"@type":"BreadcrumbList","@id":"https:\/\/www.celebilegal.com\/ru\/tax-law\/#breadcrumb","itemListElement":[{"@type":"ListItem","position":1,"name":"Home","item":"https:\/\/www.celebilegal.com\/ru\/"},{"@type":"ListItem","position":2,"name":"\u041d\u0430\u043b\u043e\u0433\u043e\u0432\u043e\u0435 \u043f\u0440\u0430\u0432\u043e"}]},{"@type":"WebSite","@id":"https:\/\/www.celebilegal.com\/ru\/#website","url":"https:\/\/www.celebilegal.com\/ru\/","name":"Antalya Law Firm | English-Speaking Lawyer & Antalya Attorney","description":"English-Speaking Lawyer &amp; Antalya Attorney","publisher":{"@id":"https:\/\/www.celebilegal.com\/ru\/#organization"},"potentialAction":[{"@type":"SearchAction","target":{"@type":"EntryPoint","urlTemplate":"https:\/\/www.celebilegal.com\/ru\/?s={search_term_string}"},"query-input":{"@type":"PropertyValueSpecification","valueRequired":true,"valueName":"search_term_string"}}],"inLanguage":"ru-RU"},{"@type":"Organization","@id":"https:\/\/www.celebilegal.com\/ru\/#organization","name":"Antalya Lawyer Bar\u0131\u015f Erkan \u00c7elebi","url":"https:\/\/www.celebilegal.com\/ru\/","logo":{"@type":"ImageObject","inLanguage":"ru-RU","@id":"https:\/\/www.celebilegal.com\/ru\/#\/schema\/logo\/image\/","url":"https:\/\/www.celebilegal.com\/wp-content\/uploads\/2024\/02\/celebilegal-logo-d.svg","contentUrl":"https:\/\/www.celebilegal.com\/wp-content\/uploads\/2024\/02\/celebilegal-logo-d.svg","width":584,"height":285,"caption":"Antalya Lawyer Bar\u0131\u015f Erkan \u00c7elebi"},"image":{"@id":"https:\/\/www.celebilegal.com\/ru\/#\/schema\/logo\/image\/"}}]}},"_links":{"self":[{"href":"https:\/\/www.celebilegal.com\/ru\/wp-json\/wp\/v2\/pages\/9265","targetHints":{"allow":["GET"]}}],"collection":[{"href":"https:\/\/www.celebilegal.com\/ru\/wp-json\/wp\/v2\/pages"}],"about":[{"href":"https:\/\/www.celebilegal.com\/ru\/wp-json\/wp\/v2\/types\/page"}],"author":[{"embeddable":true,"href":"https:\/\/www.celebilegal.com\/ru\/wp-json\/wp\/v2\/users\/2"}],"replies":[{"embeddable":true,"href":"https:\/\/www.celebilegal.com\/ru\/wp-json\/wp\/v2\/comments?post=9265"}],"version-history":[{"count":0,"href":"https:\/\/www.celebilegal.com\/ru\/wp-json\/wp\/v2\/pages\/9265\/revisions"}],"wp:featuredmedia":[{"embeddable":true,"href":"https:\/\/www.celebilegal.com\/ru\/wp-json\/wp\/v2\/media\/11072"}],"wp:attachment":[{"href":"https:\/\/www.celebilegal.com\/ru\/wp-json\/wp\/v2\/media?parent=9265"}],"curies":[{"name":"wp","href":"https:\/\/api.w.org\/{rel}","templated":true}]}}