{"id":9103,"date":"2024-02-21T11:44:32","date_gmt":"2024-02-21T08:44:32","guid":{"rendered":"https:\/\/pro.celebilegal.com\/banking-law\/"},"modified":"2025-01-31T13:26:03","modified_gmt":"2025-01-31T10:26:03","slug":"banking-law","status":"publish","type":"page","link":"https:\/\/www.celebilegal.com\/ru\/banking-law\/","title":{"rendered":"\u0411\u0430\u043d\u043a\u043e\u0432\u0441\u043a\u043e\u0435 \u043f\u0440\u0430\u0432\u043e"},"content":{"rendered":"\t\t<div data-elementor-type=\"wp-page\" data-elementor-id=\"9103\" class=\"elementor elementor-9103\" data-elementor-post-type=\"page\">\n\t\t\t\t<div class=\"elementor-element elementor-element-310e698 e-flex e-con-boxed e-con e-parent\" data-id=\"310e698\" data-element_type=\"container\" data-e-type=\"container\">\n\t\t\t\t\t<div class=\"e-con-inner\">\n\t\t\t\t<div class=\"elementor-element elementor-element-77d7708 elementor-grid-3 elementor-grid-tablet-2 elementor-grid-mobile-1 elementor-widget elementor-widget-loop-grid\" data-id=\"77d7708\" data-element_type=\"widget\" data-e-type=\"widget\" data-settings=\"{&quot;template_id&quot;:&quot;7273&quot;,&quot;_skin&quot;:&quot;post&quot;,&quot;columns&quot;:&quot;3&quot;,&quot;columns_tablet&quot;:&quot;2&quot;,&quot;columns_mobile&quot;:&quot;1&quot;,&quot;edit_handle_selector&quot;:&quot;[data-elementor-type=\\&quot;loop-item\\&quot;]&quot;,&quot;row_gap&quot;:{&quot;unit&quot;:&quot;px&quot;,&quot;size&quot;:&quot;&quot;,&quot;sizes&quot;:[]},&quot;row_gap_tablet&quot;:{&quot;unit&quot;:&quot;px&quot;,&quot;size&quot;:&quot;&quot;,&quot;sizes&quot;:[]},&quot;row_gap_mobile&quot;:{&quot;unit&quot;:&quot;px&quot;,&quot;size&quot;:&quot;&quot;,&quot;sizes&quot;:[]}}\" data-widget_type=\"loop-grid.post\">\n\t\t\t\t<div class=\"elementor-widget-container\">\n\t\t\t\t\t\t\t<div class=\"e-loop-nothing-found-message\">\n\t\t<\/div>\n\t\t\t\t\t\t<\/div>\n\t\t\t\t<\/div>\n\t\t\t\t\t<\/div>\n\t\t\t\t<\/div>\n\t\t\t\t<\/div>\n\t\t","protected":false},"excerpt":{"rendered":"","protected":false},"author":2,"featured_media":0,"parent":0,"menu_order":0,"comment_status":"closed","ping_status":"closed","template":"","meta":{"site-sidebar-layout":"no-sidebar","site-content-layout":"page-builder","ast-site-content-layout":"full-width-container","site-content-style":"default","site-sidebar-style":"default","ast-global-header-display":"","ast-banner-title-visibility":"","ast-main-header-display":"","ast-hfb-above-header-display":"","ast-hfb-below-header-display":"","ast-hfb-mobile-header-display":"","site-post-title":"disabled","ast-breadcrumbs-content":"","ast-featured-img":"disabled","footer-sml-layout":"","ast-disable-related-posts":"","theme-transparent-header-meta":"","adv-header-id-meta":"","stick-header-meta":"","header-above-stick-meta":"","header-main-stick-meta":"","header-below-stick-meta":"","astra-migrate-meta-layouts":"set","ast-page-background-enabled":"default","ast-page-background-meta":{"desktop":{"background-color":"","background-image":"","background-repeat":"repeat","background-position":"center center","background-size":"auto","background-attachment":"scroll","background-type":"","background-media":"","overlay-type":"","overlay-color":"","overlay-opacity":"","overlay-gradient":""},"tablet":{"background-color":"","background-image":"","background-repeat":"repeat","background-position":"center center","background-size":"auto","background-attachment":"scroll","background-type":"","background-media":"","overlay-type":"","overlay-color":"","overlay-opacity":"","overlay-gradient":""},"mobile":{"background-color":"","background-image":"","background-repeat":"repeat","background-position":"center center","background-size":"auto","background-attachment":"scroll","background-type":"","background-media":"","overlay-type":"","overlay-color":"","overlay-opacity":"","overlay-gradient":""}},"ast-content-background-meta":{"desktop":{"background-color":"var(--ast-global-color-5)","background-image":"","background-repeat":"repeat","background-position":"center center","background-size":"auto","background-attachment":"scroll","background-type":"","background-media":"","overlay-type":"","overlay-color":"","overlay-opacity":"","overlay-gradient":""},"tablet":{"background-color":"var(--ast-global-color-5)","background-image":"","background-repeat":"repeat","background-position":"center center","background-size":"auto","background-attachment":"scroll","background-type":"","background-media":"","overlay-type":"","overlay-color":"","overlay-opacity":"","overlay-gradient":""},"mobile":{"background-color":"var(--ast-global-color-5)","background-image":"","background-repeat":"repeat","background-position":"center center","background-size":"auto","background-attachment":"scroll","background-type":"","background-media":"","overlay-type":"","overlay-color":"","overlay-opacity":"","overlay-gradient":""}},"footnotes":""},"class_list":["post-9103","page","type-page","status-publish","hentry"],"yoast_head":"<!-- This site is optimized with the Yoast SEO plugin v27.3 - https:\/\/yoast.com\/product\/yoast-seo-wordpress\/ -->\n<title>\u0411\u0430\u043d\u043a\u043e\u0432\u0441\u043a\u043e\u0435 \u043f\u0440\u0430\u0432\u043e | Antalya Law Firm<\/title>\n<meta name=\"description\" content=\"\u0411\u0430\u043d\u043a\u043e\u0432\u0441\u043a\u043e\u0435 \u043f\u0440\u0430\u0432\u043e: \u041e\u0442\u043a\u0440\u044b\u0442\u0438\u0435 \u0431\u0430\u043d\u043a\u043e\u0432\u0441\u043a\u043e\u0433\u043e \u0441\u0447\u0435\u0442\u0430 \u0434\u043b\u044f \u0438\u043d\u043e\u0441\u0442\u0440\u0430\u043d\u0446\u0435\u0432 \u0432 \u0422\u0443\u0440\u0446\u0438\u0438 - \u0420\u0435\u043a\u043e\u043c\u0435\u043d\u0434\u0430\u0446\u0438\u0438, \u0442\u0440\u0435\u0431\u043e\u0432\u0430\u043d\u0438\u044f \u0438 \u043f\u0440\u043e\u0446\u0435\u0441\u0441\" \/>\n<meta name=\"robots\" content=\"index, follow, max-snippet:-1, max-image-preview:large, max-video-preview:-1\" \/>\n<link rel=\"canonical\" href=\"https:\/\/www.celebilegal.com\/ru\/banking-law\/\" \/>\n<script type=\"application\/ld+json\" class=\"yoast-schema-graph\">{\"@context\":\"https:\\\/\\\/schema.org\",\"@graph\":[{\"@type\":\"WebPage\",\"@id\":\"https:\\\/\\\/www.celebilegal.com\\\/ru\\\/banking-law\\\/\",\"url\":\"https:\\\/\\\/www.celebilegal.com\\\/ru\\\/banking-law\\\/\",\"name\":\"\u0411\u0430\u043d\u043a\u043e\u0432\u0441\u043a\u043e\u0435 \u043f\u0440\u0430\u0432\u043e | Antalya Law Firm\",\"isPartOf\":{\"@id\":\"https:\\\/\\\/www.celebilegal.com\\\/ru\\\/#website\"},\"datePublished\":\"2024-02-21T08:44:32+00:00\",\"dateModified\":\"2025-01-31T10:26:03+00:00\",\"description\":\"\u0411\u0430\u043d\u043a\u043e\u0432\u0441\u043a\u043e\u0435 \u043f\u0440\u0430\u0432\u043e: \u041e\u0442\u043a\u0440\u044b\u0442\u0438\u0435 \u0431\u0430\u043d\u043a\u043e\u0432\u0441\u043a\u043e\u0433\u043e \u0441\u0447\u0435\u0442\u0430 \u0434\u043b\u044f \u0438\u043d\u043e\u0441\u0442\u0440\u0430\u043d\u0446\u0435\u0432 \u0432 \u0422\u0443\u0440\u0446\u0438\u0438 - \u0420\u0435\u043a\u043e\u043c\u0435\u043d\u0434\u0430\u0446\u0438\u0438, \u0442\u0440\u0435\u0431\u043e\u0432\u0430\u043d\u0438\u044f \u0438 \u043f\u0440\u043e\u0446\u0435\u0441\u0441\",\"breadcrumb\":{\"@id\":\"https:\\\/\\\/www.celebilegal.com\\\/ru\\\/banking-law\\\/#breadcrumb\"},\"inLanguage\":\"ru-RU\",\"potentialAction\":[{\"@type\":\"ReadAction\",\"target\":[\"https:\\\/\\\/www.celebilegal.com\\\/ru\\\/banking-law\\\/\"]}]},{\"@type\":\"BreadcrumbList\",\"@id\":\"https:\\\/\\\/www.celebilegal.com\\\/ru\\\/banking-law\\\/#breadcrumb\",\"itemListElement\":[{\"@type\":\"ListItem\",\"position\":1,\"name\":\"Home\",\"item\":\"https:\\\/\\\/www.celebilegal.com\\\/ru\\\/\"},{\"@type\":\"ListItem\",\"position\":2,\"name\":\"\u0411\u0430\u043d\u043a\u043e\u0432\u0441\u043a\u043e\u0435 \u043f\u0440\u0430\u0432\u043e\"}]},{\"@type\":\"WebSite\",\"@id\":\"https:\\\/\\\/www.celebilegal.com\\\/ru\\\/#website\",\"url\":\"https:\\\/\\\/www.celebilegal.com\\\/ru\\\/\",\"name\":\"Antalya Law Firm | English-Speaking Lawyer & Antalya Attorney\",\"description\":\"English-Speaking Lawyer &amp; Antalya Attorney\",\"publisher\":{\"@id\":\"https:\\\/\\\/www.celebilegal.com\\\/ru\\\/#organization\"},\"potentialAction\":[{\"@type\":\"SearchAction\",\"target\":{\"@type\":\"EntryPoint\",\"urlTemplate\":\"https:\\\/\\\/www.celebilegal.com\\\/ru\\\/?s={search_term_string}\"},\"query-input\":{\"@type\":\"PropertyValueSpecification\",\"valueRequired\":true,\"valueName\":\"search_term_string\"}}],\"inLanguage\":\"ru-RU\"},{\"@type\":\"Organization\",\"@id\":\"https:\\\/\\\/www.celebilegal.com\\\/ru\\\/#organization\",\"name\":\"Antalya Lawyer Bar\u0131\u015f Erkan \u00c7elebi\",\"url\":\"https:\\\/\\\/www.celebilegal.com\\\/ru\\\/\",\"logo\":{\"@type\":\"ImageObject\",\"inLanguage\":\"ru-RU\",\"@id\":\"https:\\\/\\\/www.celebilegal.com\\\/ru\\\/#\\\/schema\\\/logo\\\/image\\\/\",\"url\":\"https:\\\/\\\/www.celebilegal.com\\\/wp-content\\\/uploads\\\/2024\\\/02\\\/celebilegal-logo-d.svg\",\"contentUrl\":\"https:\\\/\\\/www.celebilegal.com\\\/wp-content\\\/uploads\\\/2024\\\/02\\\/celebilegal-logo-d.svg\",\"width\":584,\"height\":285,\"caption\":\"Antalya Lawyer Bar\u0131\u015f Erkan \u00c7elebi\"},\"image\":{\"@id\":\"https:\\\/\\\/www.celebilegal.com\\\/ru\\\/#\\\/schema\\\/logo\\\/image\\\/\"}}]}<\/script>\n<!-- \/ Yoast SEO plugin. -->","yoast_head_json":{"title":"\u0411\u0430\u043d\u043a\u043e\u0432\u0441\u043a\u043e\u0435 \u043f\u0440\u0430\u0432\u043e | Antalya Law Firm","description":"\u0411\u0430\u043d\u043a\u043e\u0432\u0441\u043a\u043e\u0435 \u043f\u0440\u0430\u0432\u043e: \u041e\u0442\u043a\u0440\u044b\u0442\u0438\u0435 \u0431\u0430\u043d\u043a\u043e\u0432\u0441\u043a\u043e\u0433\u043e \u0441\u0447\u0435\u0442\u0430 \u0434\u043b\u044f \u0438\u043d\u043e\u0441\u0442\u0440\u0430\u043d\u0446\u0435\u0432 \u0432 \u0422\u0443\u0440\u0446\u0438\u0438 - \u0420\u0435\u043a\u043e\u043c\u0435\u043d\u0434\u0430\u0446\u0438\u0438, \u0442\u0440\u0435\u0431\u043e\u0432\u0430\u043d\u0438\u044f \u0438 \u043f\u0440\u043e\u0446\u0435\u0441\u0441","robots":{"index":"index","follow":"follow","max-snippet":"max-snippet:-1","max-image-preview":"max-image-preview:large","max-video-preview":"max-video-preview:-1"},"canonical":"https:\/\/www.celebilegal.com\/ru\/banking-law\/","schema":{"@context":"https:\/\/schema.org","@graph":[{"@type":"WebPage","@id":"https:\/\/www.celebilegal.com\/ru\/banking-law\/","url":"https:\/\/www.celebilegal.com\/ru\/banking-law\/","name":"\u0411\u0430\u043d\u043a\u043e\u0432\u0441\u043a\u043e\u0435 \u043f\u0440\u0430\u0432\u043e | Antalya Law Firm","isPartOf":{"@id":"https:\/\/www.celebilegal.com\/ru\/#website"},"datePublished":"2024-02-21T08:44:32+00:00","dateModified":"2025-01-31T10:26:03+00:00","description":"\u0411\u0430\u043d\u043a\u043e\u0432\u0441\u043a\u043e\u0435 \u043f\u0440\u0430\u0432\u043e: \u041e\u0442\u043a\u0440\u044b\u0442\u0438\u0435 \u0431\u0430\u043d\u043a\u043e\u0432\u0441\u043a\u043e\u0433\u043e \u0441\u0447\u0435\u0442\u0430 \u0434\u043b\u044f \u0438\u043d\u043e\u0441\u0442\u0440\u0430\u043d\u0446\u0435\u0432 \u0432 \u0422\u0443\u0440\u0446\u0438\u0438 - \u0420\u0435\u043a\u043e\u043c\u0435\u043d\u0434\u0430\u0446\u0438\u0438, \u0442\u0440\u0435\u0431\u043e\u0432\u0430\u043d\u0438\u044f \u0438 \u043f\u0440\u043e\u0446\u0435\u0441\u0441","breadcrumb":{"@id":"https:\/\/www.celebilegal.com\/ru\/banking-law\/#breadcrumb"},"inLanguage":"ru-RU","potentialAction":[{"@type":"ReadAction","target":["https:\/\/www.celebilegal.com\/ru\/banking-law\/"]}]},{"@type":"BreadcrumbList","@id":"https:\/\/www.celebilegal.com\/ru\/banking-law\/#breadcrumb","itemListElement":[{"@type":"ListItem","position":1,"name":"Home","item":"https:\/\/www.celebilegal.com\/ru\/"},{"@type":"ListItem","position":2,"name":"\u0411\u0430\u043d\u043a\u043e\u0432\u0441\u043a\u043e\u0435 \u043f\u0440\u0430\u0432\u043e"}]},{"@type":"WebSite","@id":"https:\/\/www.celebilegal.com\/ru\/#website","url":"https:\/\/www.celebilegal.com\/ru\/","name":"Antalya Law Firm | English-Speaking Lawyer & Antalya Attorney","description":"English-Speaking Lawyer &amp; Antalya Attorney","publisher":{"@id":"https:\/\/www.celebilegal.com\/ru\/#organization"},"potentialAction":[{"@type":"SearchAction","target":{"@type":"EntryPoint","urlTemplate":"https:\/\/www.celebilegal.com\/ru\/?s={search_term_string}"},"query-input":{"@type":"PropertyValueSpecification","valueRequired":true,"valueName":"search_term_string"}}],"inLanguage":"ru-RU"},{"@type":"Organization","@id":"https:\/\/www.celebilegal.com\/ru\/#organization","name":"Antalya Lawyer Bar\u0131\u015f Erkan \u00c7elebi","url":"https:\/\/www.celebilegal.com\/ru\/","logo":{"@type":"ImageObject","inLanguage":"ru-RU","@id":"https:\/\/www.celebilegal.com\/ru\/#\/schema\/logo\/image\/","url":"https:\/\/www.celebilegal.com\/wp-content\/uploads\/2024\/02\/celebilegal-logo-d.svg","contentUrl":"https:\/\/www.celebilegal.com\/wp-content\/uploads\/2024\/02\/celebilegal-logo-d.svg","width":584,"height":285,"caption":"Antalya Lawyer Bar\u0131\u015f Erkan \u00c7elebi"},"image":{"@id":"https:\/\/www.celebilegal.com\/ru\/#\/schema\/logo\/image\/"}}]}},"_links":{"self":[{"href":"https:\/\/www.celebilegal.com\/ru\/wp-json\/wp\/v2\/pages\/9103","targetHints":{"allow":["GET"]}}],"collection":[{"href":"https:\/\/www.celebilegal.com\/ru\/wp-json\/wp\/v2\/pages"}],"about":[{"href":"https:\/\/www.celebilegal.com\/ru\/wp-json\/wp\/v2\/types\/page"}],"author":[{"embeddable":true,"href":"https:\/\/www.celebilegal.com\/ru\/wp-json\/wp\/v2\/users\/2"}],"replies":[{"embeddable":true,"href":"https:\/\/www.celebilegal.com\/ru\/wp-json\/wp\/v2\/comments?post=9103"}],"version-history":[{"count":0,"href":"https:\/\/www.celebilegal.com\/ru\/wp-json\/wp\/v2\/pages\/9103\/revisions"}],"wp:attachment":[{"href":"https:\/\/www.celebilegal.com\/ru\/wp-json\/wp\/v2\/media?parent=9103"}],"curies":[{"name":"wp","href":"https:\/\/api.w.org\/{rel}","templated":true}]}}